{"id":502,"date":"2024-01-19T21:03:00","date_gmt":"2024-01-19T20:03:00","guid":{"rendered":"https:\/\/opticaeyeconic.com\/index.php\/product\/rb1969v-2501-51-19\/"},"modified":"2024-04-16T18:59:34","modified_gmt":"2024-04-16T23:59:34","slug":"rb1969v-2501-51-19","status":"publish","type":"product","link":"https:\/\/opticaeyeconic.com\/index.php\/product\/rb1969v-2501-51-19\/","title":{"rendered":"Ray Ban &#8211; RB1969V 2501 51-19"},"content":{"rendered":"<p>Regrese a los a\u00f1os 70 con una apariencia impactante sacada directamente de la b\u00f3veda. Extremadamente c\u00f3modas y hechas para ser vistas, estas monturas rectangulares de gran tama\u00f1o son una buena opci\u00f3n para el uso diario que llama la atenci\u00f3n.\u00a0Disponibles en metales plateados, negros, cobrizos y dorados para un estilo cl\u00e1sico atemporal, las almohadillas nasales ajustables y las puntas de las patillas de acetato garantizan una apariencia c\u00f3moda y segura.<\/p>\n","protected":false},"excerpt":{"rendered":"<p>Armaz\u00f3n RAY BAN RB1969V 2501 51-19<\/p>\n","protected":false},"featured_media":1178,"comment_status":"closed","ping_status":"closed","template":"","meta":{"_acf_changed":false,"_joinchat":[]},"product_cat":[53,30],"product_tag":[],"acf":[],"_links":{"self":[{"href":"https:\/\/opticaeyeconic.com\/index.php\/wp-json\/wp\/v2\/product\/502"}],"collection":[{"href":"https:\/\/opticaeyeconic.com\/index.php\/wp-json\/wp\/v2\/product"}],"about":[{"href":"https:\/\/opticaeyeconic.com\/index.php\/wp-json\/wp\/v2\/types\/product"}],"replies":[{"embeddable":true,"href":"https:\/\/opticaeyeconic.com\/index.php\/wp-json\/wp\/v2\/comments?post=502"}],"wp:featuredmedia":[{"embeddable":true,"href":"https:\/\/opticaeyeconic.com\/index.php\/wp-json\/wp\/v2\/media\/1178"}],"wp:attachment":[{"href":"https:\/\/opticaeyeconic.com\/index.php\/wp-json\/wp\/v2\/media?parent=502"}],"wp:term":[{"taxonomy":"product_cat","embeddable":true,"href":"https:\/\/opticaeyeconic.com\/index.php\/wp-json\/wp\/v2\/product_cat?post=502"},{"taxonomy":"product_tag","embeddable":true,"href":"https:\/\/opticaeyeconic.com\/index.php\/wp-json\/wp\/v2\/product_tag?post=502"}],"curies":[{"name":"wp","href":"https:\/\/api.w.org\/{rel}","templated":true}]}}