{"id":496,"date":"2024-01-19T21:03:00","date_gmt":"2024-01-19T20:03:00","guid":{"rendered":"https:\/\/opticaeyeconic.com\/index.php\/product\/0rx7038-2077-53-16-135\/"},"modified":"2024-04-22T18:25:43","modified_gmt":"2024-04-22T23:25:43","slug":"0rx7038-2077-53-16-135","status":"publish","type":"product","link":"https:\/\/opticaeyeconic.com\/index.php\/product\/0rx7038-2077-53-16-135\/","title":{"rendered":"Ray Ban &#8211; 0RX7038 2077 53-16-135"},"content":{"rendered":"<p>La elecci\u00f3n espont\u00e1nea de artistas y celebridades, las gafas Ray-Ban se han convertido en verdaderos fen\u00f3menos.\u00a0es la marca preferida de las leyendas, amada por la gente e imitada por todos.\u00a0Con m\u00e1s de 70 a\u00f1os de autenticidad, tradici\u00f3n y calidad ligadas a su nombre, Ray-Ban seguir\u00e1 mirando hacia su pasado y creando el futuro.\u00a0Para cualquiera que simplemente quiera ser sincero, la marca Ray-Ban cree que lo m\u00e1s importante en la moda es ser uno mismo.<\/p>\n","protected":false},"excerpt":{"rendered":"<p>Armaz\u00f3n RAY BAN 0RX7038 2077 53-16-135<\/p>\n","protected":false},"featured_media":2807,"comment_status":"closed","ping_status":"closed","template":"","meta":{"_acf_changed":false,"_joinchat":[]},"product_cat":[53,30],"product_tag":[],"acf":[],"_links":{"self":[{"href":"https:\/\/opticaeyeconic.com\/index.php\/wp-json\/wp\/v2\/product\/496"}],"collection":[{"href":"https:\/\/opticaeyeconic.com\/index.php\/wp-json\/wp\/v2\/product"}],"about":[{"href":"https:\/\/opticaeyeconic.com\/index.php\/wp-json\/wp\/v2\/types\/product"}],"replies":[{"embeddable":true,"href":"https:\/\/opticaeyeconic.com\/index.php\/wp-json\/wp\/v2\/comments?post=496"}],"wp:featuredmedia":[{"embeddable":true,"href":"https:\/\/opticaeyeconic.com\/index.php\/wp-json\/wp\/v2\/media\/2807"}],"wp:attachment":[{"href":"https:\/\/opticaeyeconic.com\/index.php\/wp-json\/wp\/v2\/media?parent=496"}],"wp:term":[{"taxonomy":"product_cat","embeddable":true,"href":"https:\/\/opticaeyeconic.com\/index.php\/wp-json\/wp\/v2\/product_cat?post=496"},{"taxonomy":"product_tag","embeddable":true,"href":"https:\/\/opticaeyeconic.com\/index.php\/wp-json\/wp\/v2\/product_tag?post=496"}],"curies":[{"name":"wp","href":"https:\/\/api.w.org\/{rel}","templated":true}]}}