{"id":493,"date":"2024-01-19T21:02:59","date_gmt":"2024-01-19T20:02:59","guid":{"rendered":"https:\/\/opticaeyeconic.com\/index.php\/product\/0rx6414-2979-53\/"},"modified":"2024-04-16T18:59:33","modified_gmt":"2024-04-16T23:59:33","slug":"0rx6414-2979-53","status":"publish","type":"product","link":"https:\/\/opticaeyeconic.com\/index.php\/product\/0rx6414-2979-53\/","title":{"rendered":"Ray Ban &#8211; 0RX6414 2979 53"},"content":{"rendered":"<p>Fina y ligera son las caracter\u00edsticas ideales para esta elegante montura. Una forma cuadrada redondeada y una estructura totalmente metalizada armonizan una estructura delicada con moderna sofisticaci\u00f3n. Con un doble puente que impacta, esta montura din\u00e1mica cuenta con detalles esmaltados brillantes en la montura en oro, plata o bronce de ca\u00f1\u00f3n para darle un toque de encanto adicional.<\/p>\n","protected":false},"excerpt":{"rendered":"<p>Armaz\u00f3n RAY BAN 0RX6414 2979 53<\/p>\n","protected":false},"featured_media":1417,"comment_status":"closed","ping_status":"closed","template":"","meta":{"_acf_changed":false,"_joinchat":[]},"product_cat":[53,30],"product_tag":[],"acf":[],"_links":{"self":[{"href":"https:\/\/opticaeyeconic.com\/index.php\/wp-json\/wp\/v2\/product\/493"}],"collection":[{"href":"https:\/\/opticaeyeconic.com\/index.php\/wp-json\/wp\/v2\/product"}],"about":[{"href":"https:\/\/opticaeyeconic.com\/index.php\/wp-json\/wp\/v2\/types\/product"}],"replies":[{"embeddable":true,"href":"https:\/\/opticaeyeconic.com\/index.php\/wp-json\/wp\/v2\/comments?post=493"}],"wp:featuredmedia":[{"embeddable":true,"href":"https:\/\/opticaeyeconic.com\/index.php\/wp-json\/wp\/v2\/media\/1417"}],"wp:attachment":[{"href":"https:\/\/opticaeyeconic.com\/index.php\/wp-json\/wp\/v2\/media?parent=493"}],"wp:term":[{"taxonomy":"product_cat","embeddable":true,"href":"https:\/\/opticaeyeconic.com\/index.php\/wp-json\/wp\/v2\/product_cat?post=493"},{"taxonomy":"product_tag","embeddable":true,"href":"https:\/\/opticaeyeconic.com\/index.php\/wp-json\/wp\/v2\/product_tag?post=493"}],"curies":[{"name":"wp","href":"https:\/\/api.w.org\/{rel}","templated":true}]}}