{"id":490,"date":"2024-01-19T15:02:59","date_gmt":"2024-01-19T20:02:59","guid":{"rendered":"https:\/\/opticaeyeconic.com\/index.php\/product\/0rx6335-2503-56\/"},"modified":"2025-06-12T13:00:08","modified_gmt":"2025-06-12T18:00:08","slug":"0rx6335-2503-56","status":"publish","type":"product","link":"https:\/\/opticaeyeconic.com\/index.php\/product\/0rx6335-2503-56\/","title":{"rendered":"Ray Ban 0RX6335 2503 56"},"content":{"rendered":"<p>La exclusiva marca Ray Ban llega con esta colecci\u00f3n de anteojos \u00f3pticos hechos en Metal que cuenta con un dise\u00f1o c\u00f3modo y moderno, ideal para usar con tu f\u00f3rmula de anteojos. Este dise\u00f1o color negro brinda confort y sirve para lucir siempre sofisticado\/a. Su estilo Rectangulo se ajusta a tu rostro brind\u00e1ndote una apariencia renovada y \u00fanica, como solo Lentesplus puede darte.<\/p>\n","protected":false},"excerpt":{"rendered":"<p>Armaz\u00f3n RAY BAN 0RX6335 2503 56<\/p>\n","protected":false},"featured_media":1195,"comment_status":"closed","ping_status":"closed","template":"","meta":{"_acf_changed":false,"_joinchat":[]},"product_cat":[53,30],"product_tag":[],"acf":[],"_links":{"self":[{"href":"https:\/\/opticaeyeconic.com\/index.php\/wp-json\/wp\/v2\/product\/490"}],"collection":[{"href":"https:\/\/opticaeyeconic.com\/index.php\/wp-json\/wp\/v2\/product"}],"about":[{"href":"https:\/\/opticaeyeconic.com\/index.php\/wp-json\/wp\/v2\/types\/product"}],"replies":[{"embeddable":true,"href":"https:\/\/opticaeyeconic.com\/index.php\/wp-json\/wp\/v2\/comments?post=490"}],"wp:featuredmedia":[{"embeddable":true,"href":"https:\/\/opticaeyeconic.com\/index.php\/wp-json\/wp\/v2\/media\/1195"}],"wp:attachment":[{"href":"https:\/\/opticaeyeconic.com\/index.php\/wp-json\/wp\/v2\/media?parent=490"}],"wp:term":[{"taxonomy":"product_cat","embeddable":true,"href":"https:\/\/opticaeyeconic.com\/index.php\/wp-json\/wp\/v2\/product_cat?post=490"},{"taxonomy":"product_tag","embeddable":true,"href":"https:\/\/opticaeyeconic.com\/index.php\/wp-json\/wp\/v2\/product_tag?post=490"}],"curies":[{"name":"wp","href":"https:\/\/api.w.org\/{rel}","templated":true}]}}