{"id":487,"date":"2024-01-19T15:02:59","date_gmt":"2024-01-19T20:02:59","guid":{"rendered":"https:\/\/opticaeyeconic.com\/index.php\/product\/0rx4376vf-5943-57\/"},"modified":"2025-06-12T13:00:56","modified_gmt":"2025-06-12T18:00:56","slug":"0rx4376vf-5943-57","status":"publish","type":"product","link":"https:\/\/opticaeyeconic.com\/index.php\/product\/0rx4376vf-5943-57\/","title":{"rendered":"Ray Ban 0RX4376VF 5943 57"},"content":{"rendered":"<p>La ic\u00f3nica forma piloto reinventada en el esp\u00edritu de nuestra popular montura tipo ojo de gato de 1984. Las l\u00edneas \u00e1giles crean una estructura contempor\u00e1nea, adelgazada hasta sus curvas esenciales.\u00a0Esta versi\u00f3n moderna y m\u00e1s simple de los ic\u00f3nicos anteojos con forma de piloto Ray-Ban est\u00e1 disponible en colores cl\u00e1sicos y transparentes para un estilo ligero y moderno todos los d\u00edas.<\/p>\n","protected":false},"excerpt":{"rendered":"<p>Armaz\u00f3n RAY BAN 0RX4376VF 5943 57<\/p>\n","protected":false},"featured_media":1191,"comment_status":"closed","ping_status":"closed","template":"","meta":{"_acf_changed":false,"_joinchat":[]},"product_cat":[53,30],"product_tag":[],"acf":[],"_links":{"self":[{"href":"https:\/\/opticaeyeconic.com\/index.php\/wp-json\/wp\/v2\/product\/487"}],"collection":[{"href":"https:\/\/opticaeyeconic.com\/index.php\/wp-json\/wp\/v2\/product"}],"about":[{"href":"https:\/\/opticaeyeconic.com\/index.php\/wp-json\/wp\/v2\/types\/product"}],"replies":[{"embeddable":true,"href":"https:\/\/opticaeyeconic.com\/index.php\/wp-json\/wp\/v2\/comments?post=487"}],"wp:featuredmedia":[{"embeddable":true,"href":"https:\/\/opticaeyeconic.com\/index.php\/wp-json\/wp\/v2\/media\/1191"}],"wp:attachment":[{"href":"https:\/\/opticaeyeconic.com\/index.php\/wp-json\/wp\/v2\/media?parent=487"}],"wp:term":[{"taxonomy":"product_cat","embeddable":true,"href":"https:\/\/opticaeyeconic.com\/index.php\/wp-json\/wp\/v2\/product_cat?post=487"},{"taxonomy":"product_tag","embeddable":true,"href":"https:\/\/opticaeyeconic.com\/index.php\/wp-json\/wp\/v2\/product_tag?post=487"}],"curies":[{"name":"wp","href":"https:\/\/api.w.org\/{rel}","templated":true}]}}