{"id":486,"date":"2024-01-19T15:02:59","date_gmt":"2024-01-19T20:02:59","guid":{"rendered":"https:\/\/opticaeyeconic.com\/index.php\/product\/0rx4246v-2001-49\/"},"modified":"2025-06-12T12:59:44","modified_gmt":"2025-06-12T17:59:44","slug":"0rx4246v-2001-49","status":"publish","type":"product","link":"https:\/\/opticaeyeconic.com\/index.php\/product\/0rx4246v-2001-49\/","title":{"rendered":"Ray Ban 0RX4246V 2001 49"},"content":{"rendered":"<p>La leyenda Ray-Ban m\u00e1s reciente fue inspirada por el estilo aut\u00e9ntico de los intelectuales modernos y de los bohemios creativos: presentamos el modelo Clubround. Tan inconfundible como \u00fanico, el modelo Clubround es la combinaci\u00f3n de las dos tendencias con m\u00e1s \u00e9xito del a\u00f1o: los modelos Clubmaster y Round. Su dise\u00f1o aut\u00e9ntico con una combinaci\u00f3n de colores nueva y \u00fanica est\u00e1 por convertirse en un icono.<br \/>\nLa forma de gafas de vista pantos de Clubround crea una identidad audaz con un perfil inconfundible en acetato y metal de calidad superior y resistente con un acabado perfecto. El modelo Clubround de Ray-Ban es un nuevo icono con estilo y sustancia.<\/p>\n","protected":false},"excerpt":{"rendered":"<p>Armaz\u00f3n RAY BAN 0RX4246V 2001 49<\/p>\n","protected":false},"featured_media":1190,"comment_status":"closed","ping_status":"closed","template":"","meta":{"_acf_changed":false,"_joinchat":[]},"product_cat":[53,30],"product_tag":[],"acf":[],"_links":{"self":[{"href":"https:\/\/opticaeyeconic.com\/index.php\/wp-json\/wp\/v2\/product\/486"}],"collection":[{"href":"https:\/\/opticaeyeconic.com\/index.php\/wp-json\/wp\/v2\/product"}],"about":[{"href":"https:\/\/opticaeyeconic.com\/index.php\/wp-json\/wp\/v2\/types\/product"}],"replies":[{"embeddable":true,"href":"https:\/\/opticaeyeconic.com\/index.php\/wp-json\/wp\/v2\/comments?post=486"}],"wp:featuredmedia":[{"embeddable":true,"href":"https:\/\/opticaeyeconic.com\/index.php\/wp-json\/wp\/v2\/media\/1190"}],"wp:attachment":[{"href":"https:\/\/opticaeyeconic.com\/index.php\/wp-json\/wp\/v2\/media?parent=486"}],"wp:term":[{"taxonomy":"product_cat","embeddable":true,"href":"https:\/\/opticaeyeconic.com\/index.php\/wp-json\/wp\/v2\/product_cat?post=486"},{"taxonomy":"product_tag","embeddable":true,"href":"https:\/\/opticaeyeconic.com\/index.php\/wp-json\/wp\/v2\/product_tag?post=486"}],"curies":[{"name":"wp","href":"https:\/\/api.w.org\/{rel}","templated":true}]}}