{"id":484,"date":"2024-01-19T21:02:59","date_gmt":"2024-01-19T20:02:59","guid":{"rendered":"https:\/\/opticaeyeconic.com\/index.php\/product\/0rb3647n-001-51\/"},"modified":"2024-12-26T14:30:30","modified_gmt":"2024-12-26T19:30:30","slug":"0rb3647n-001-51","status":"publish","type":"product","link":"https:\/\/opticaeyeconic.com\/index.php\/product\/0rb3647n-001-51\/","title":{"rendered":"Ray Ban &#8211; 0RB3647N 001 70"},"content":{"rendered":"<p>El nuevo doble puente redondo completamente met\u00e1lico reinventa el aut\u00e9ntico dise\u00f1o del ADN para crear un \u00edcono Ray-Ban completamente nuevo, revolucionando el concepto de dise\u00f1o ic\u00f3nico con una declaraci\u00f3n revolucionaria de estilo imprescindible.<br \/>\nCon vol\u00famenes minimalistas en tonos dorados o negros f\u00e1ciles de usar y lentes planas con destellos degradados, este estilo elegante ofrece a las personas contempor\u00e1neas un look passe-partout con un atractivo contempor\u00e1neo irresistible: v\u00edstelo elegante o informal, \u00a1un verdadero \u00edcono no conoce l\u00edmites!<\/p>\n","protected":false},"excerpt":{"rendered":"<p>Gafas RAY BAN 0RB3647N 001 51<\/p>\n","protected":false},"featured_media":3009,"comment_status":"closed","ping_status":"closed","template":"","meta":{"_acf_changed":false,"_joinchat":[]},"product_cat":[52,30],"product_tag":[],"acf":[],"_links":{"self":[{"href":"https:\/\/opticaeyeconic.com\/index.php\/wp-json\/wp\/v2\/product\/484"}],"collection":[{"href":"https:\/\/opticaeyeconic.com\/index.php\/wp-json\/wp\/v2\/product"}],"about":[{"href":"https:\/\/opticaeyeconic.com\/index.php\/wp-json\/wp\/v2\/types\/product"}],"replies":[{"embeddable":true,"href":"https:\/\/opticaeyeconic.com\/index.php\/wp-json\/wp\/v2\/comments?post=484"}],"wp:featuredmedia":[{"embeddable":true,"href":"https:\/\/opticaeyeconic.com\/index.php\/wp-json\/wp\/v2\/media\/3009"}],"wp:attachment":[{"href":"https:\/\/opticaeyeconic.com\/index.php\/wp-json\/wp\/v2\/media?parent=484"}],"wp:term":[{"taxonomy":"product_cat","embeddable":true,"href":"https:\/\/opticaeyeconic.com\/index.php\/wp-json\/wp\/v2\/product_cat?post=484"},{"taxonomy":"product_tag","embeddable":true,"href":"https:\/\/opticaeyeconic.com\/index.php\/wp-json\/wp\/v2\/product_tag?post=484"}],"curies":[{"name":"wp","href":"https:\/\/api.w.org\/{rel}","templated":true}]}}