{"id":483,"date":"2024-01-19T21:02:59","date_gmt":"2024-01-19T20:02:59","guid":{"rendered":"https:\/\/opticaeyeconic.com\/index.php\/product\/0rb3576-04371\/"},"modified":"2024-08-13T18:13:40","modified_gmt":"2024-08-13T23:13:40","slug":"0rb3576-04371","status":"publish","type":"product","link":"https:\/\/opticaeyeconic.com\/index.php\/product\/0rb3576-04371\/","title":{"rendered":"Ray Ban &#8211; 0RB3576 04371"},"content":{"rendered":"<p>\u00a1Nunca tengas miedo de atreverte!\u00a0Esta innovadora construcci\u00f3n de lente plana sobre marco renueva las formas del ADN para una perspectiva limpia y contempor\u00e1nea del estilo totalmente met\u00e1lico: \u00a1presentamos Blaze y la lente Sharp Onesie!\u00a0Reimaginando el atrevido perfil del Clubmaster original en metal plano s\u00faper fino, Ray-Ban lo lleva a un nivel superior agregando contrastes de textura: acabados cepillados, rayados y semibrillantes, se yuxtaponen con coloridos flashes y lentes espejados para resaltar la vanguardia. sofisticaci\u00f3n de \u00edconos atemporales con atractivo bohemio-urbano.<\/p>\n","protected":false},"excerpt":{"rendered":"<p>Gafas RAY BAN 0RB3576 04371<\/p>\n","protected":false},"featured_media":1187,"comment_status":"closed","ping_status":"closed","template":"","meta":{"_acf_changed":false,"_joinchat":[]},"product_cat":[52,30],"product_tag":[],"acf":[],"_links":{"self":[{"href":"https:\/\/opticaeyeconic.com\/index.php\/wp-json\/wp\/v2\/product\/483"}],"collection":[{"href":"https:\/\/opticaeyeconic.com\/index.php\/wp-json\/wp\/v2\/product"}],"about":[{"href":"https:\/\/opticaeyeconic.com\/index.php\/wp-json\/wp\/v2\/types\/product"}],"replies":[{"embeddable":true,"href":"https:\/\/opticaeyeconic.com\/index.php\/wp-json\/wp\/v2\/comments?post=483"}],"wp:featuredmedia":[{"embeddable":true,"href":"https:\/\/opticaeyeconic.com\/index.php\/wp-json\/wp\/v2\/media\/1187"}],"wp:attachment":[{"href":"https:\/\/opticaeyeconic.com\/index.php\/wp-json\/wp\/v2\/media?parent=483"}],"wp:term":[{"taxonomy":"product_cat","embeddable":true,"href":"https:\/\/opticaeyeconic.com\/index.php\/wp-json\/wp\/v2\/product_cat?post=483"},{"taxonomy":"product_tag","embeddable":true,"href":"https:\/\/opticaeyeconic.com\/index.php\/wp-json\/wp\/v2\/product_tag?post=483"}],"curies":[{"name":"wp","href":"https:\/\/api.w.org\/{rel}","templated":true}]}}