{"id":482,"date":"2024-01-19T21:02:59","date_gmt":"2024-01-19T20:02:59","guid":{"rendered":"https:\/\/opticaeyeconic.com\/index.php\/product\/0rb3447-001-50\/"},"modified":"2024-08-13T17:54:14","modified_gmt":"2024-08-13T22:54:14","slug":"0rb3447-001-50","status":"publish","type":"product","link":"https:\/\/opticaeyeconic.com\/index.php\/product\/0rb3447-001-50\/","title":{"rendered":"Ray Ban &#8211; 0RB3447 001 50"},"content":{"rendered":"<p>Las gafas de sol Ray-Ban\u00ae RB3447 son totalmente retro. Este modelo ha sido utilizado por m\u00fasicos legendarios y est\u00e1 inspirado en la contracultura de los a\u00f1os 60, d\u00e9cada en la que naci\u00f3.<\/p>\n<p>Estas emblem\u00e1ticas gafas de Ray-Ban\u00ae, met\u00e1licas y unisex, son conocidas por sus lentes de cristal redondas y definidas y por su forma caracter\u00edstica.<br \/>\nTienen una barra ciliar curvada, almohadillas ajustables para la nariz y esbeltas varillas met\u00e1licas con extremos de pl\u00e1stico que se apoyan c\u00f3modamente detr\u00e1s de las orejas.<br \/>\nDisponibles con lentes de espejo, de color degradado o polarizadas. Son aptas para lentes de vista.<\/p>\n","protected":false},"excerpt":{"rendered":"<p>Gafas RAY BAN 0RB3447 001 50<\/p>\n","protected":false},"featured_media":1186,"comment_status":"closed","ping_status":"closed","template":"","meta":{"_acf_changed":false,"_joinchat":[]},"product_cat":[52,30],"product_tag":[],"acf":[],"_links":{"self":[{"href":"https:\/\/opticaeyeconic.com\/index.php\/wp-json\/wp\/v2\/product\/482"}],"collection":[{"href":"https:\/\/opticaeyeconic.com\/index.php\/wp-json\/wp\/v2\/product"}],"about":[{"href":"https:\/\/opticaeyeconic.com\/index.php\/wp-json\/wp\/v2\/types\/product"}],"replies":[{"embeddable":true,"href":"https:\/\/opticaeyeconic.com\/index.php\/wp-json\/wp\/v2\/comments?post=482"}],"wp:featuredmedia":[{"embeddable":true,"href":"https:\/\/opticaeyeconic.com\/index.php\/wp-json\/wp\/v2\/media\/1186"}],"wp:attachment":[{"href":"https:\/\/opticaeyeconic.com\/index.php\/wp-json\/wp\/v2\/media?parent=482"}],"wp:term":[{"taxonomy":"product_cat","embeddable":true,"href":"https:\/\/opticaeyeconic.com\/index.php\/wp-json\/wp\/v2\/product_cat?post=482"},{"taxonomy":"product_tag","embeddable":true,"href":"https:\/\/opticaeyeconic.com\/index.php\/wp-json\/wp\/v2\/product_tag?post=482"}],"curies":[{"name":"wp","href":"https:\/\/api.w.org\/{rel}","templated":true}]}}