{"id":474,"date":"2024-01-19T21:02:58","date_gmt":"2024-01-19T20:02:58","guid":{"rendered":"https:\/\/opticaeyeconic.com\/index.php\/product\/0mk3048-1118-54\/"},"modified":"2024-08-14T13:41:47","modified_gmt":"2024-08-14T18:41:47","slug":"0mk3048-1118-54","status":"publish","type":"product","link":"https:\/\/opticaeyeconic.com\/index.php\/product\/0mk3048-1118-54\/","title":{"rendered":"Michael Kors &#8211; 0MK3048 1118-54"},"content":{"rendered":"<p>La colecci\u00f3n de Michael Kors es casual y glamorosa, una colecci\u00f3n de dise\u00f1o exclusivo que combina elegancia y el estilo con un toque deportivo. Los anteojos son una parte esencial del ADN y la tradici\u00f3n de MK, ya que definen el glamour y el estilo de vida de alta sociedad. La colecci\u00f3n est\u00e1 directamente inspirada en los temas y s\u00edmbolos inconfundibles de la marca para aprovechar su m\u00e1gica sinergia<\/p>\n","protected":false},"excerpt":{"rendered":"<p>Armaz\u00f3n MICHAEL KORS 0MK3048 1118-54<\/p>\n","protected":false},"featured_media":2992,"comment_status":"closed","ping_status":"closed","template":"","meta":{"_acf_changed":false,"_joinchat":[]},"product_cat":[53,40],"product_tag":[],"acf":[],"_links":{"self":[{"href":"https:\/\/opticaeyeconic.com\/index.php\/wp-json\/wp\/v2\/product\/474"}],"collection":[{"href":"https:\/\/opticaeyeconic.com\/index.php\/wp-json\/wp\/v2\/product"}],"about":[{"href":"https:\/\/opticaeyeconic.com\/index.php\/wp-json\/wp\/v2\/types\/product"}],"replies":[{"embeddable":true,"href":"https:\/\/opticaeyeconic.com\/index.php\/wp-json\/wp\/v2\/comments?post=474"}],"wp:featuredmedia":[{"embeddable":true,"href":"https:\/\/opticaeyeconic.com\/index.php\/wp-json\/wp\/v2\/media\/2992"}],"wp:attachment":[{"href":"https:\/\/opticaeyeconic.com\/index.php\/wp-json\/wp\/v2\/media?parent=474"}],"wp:term":[{"taxonomy":"product_cat","embeddable":true,"href":"https:\/\/opticaeyeconic.com\/index.php\/wp-json\/wp\/v2\/product_cat?post=474"},{"taxonomy":"product_tag","embeddable":true,"href":"https:\/\/opticaeyeconic.com\/index.php\/wp-json\/wp\/v2\/product_tag?post=474"}],"curies":[{"name":"wp","href":"https:\/\/api.w.org\/{rel}","templated":true}]}}