{"id":467,"date":"2024-01-19T21:02:58","date_gmt":"2024-01-19T20:02:58","guid":{"rendered":"https:\/\/opticaeyeconic.com\/index.php\/product\/l2788-001-55\/"},"modified":"2024-08-14T13:40:44","modified_gmt":"2024-08-14T18:40:44","slug":"l2788-001-55","status":"publish","type":"product","link":"https:\/\/opticaeyeconic.com\/index.php\/product\/l2788-001-55\/","title":{"rendered":"Lacoste &#8211; L2788 001-55"},"content":{"rendered":"<p>Esta temporada, las gafas Lacoste L2788 son una opci\u00f3n fashion de la marca de gafas Lacoste . Para una \u00f3ptima visi\u00f3n, ofrecemos gafas graduadas profesionales que combinan con tus monturas Negro y est\u00e1n hechas de Acetato<\/p>\n","protected":false},"excerpt":{"rendered":"<p>Armaz\u00f3n LACOSTE L2788 001-55<\/p>\n","protected":false},"featured_media":1426,"comment_status":"closed","ping_status":"closed","template":"","meta":{"_acf_changed":false,"_joinchat":[]},"product_cat":[53,43],"product_tag":[],"acf":[],"_links":{"self":[{"href":"https:\/\/opticaeyeconic.com\/index.php\/wp-json\/wp\/v2\/product\/467"}],"collection":[{"href":"https:\/\/opticaeyeconic.com\/index.php\/wp-json\/wp\/v2\/product"}],"about":[{"href":"https:\/\/opticaeyeconic.com\/index.php\/wp-json\/wp\/v2\/types\/product"}],"replies":[{"embeddable":true,"href":"https:\/\/opticaeyeconic.com\/index.php\/wp-json\/wp\/v2\/comments?post=467"}],"wp:featuredmedia":[{"embeddable":true,"href":"https:\/\/opticaeyeconic.com\/index.php\/wp-json\/wp\/v2\/media\/1426"}],"wp:attachment":[{"href":"https:\/\/opticaeyeconic.com\/index.php\/wp-json\/wp\/v2\/media?parent=467"}],"wp:term":[{"taxonomy":"product_cat","embeddable":true,"href":"https:\/\/opticaeyeconic.com\/index.php\/wp-json\/wp\/v2\/product_cat?post=467"},{"taxonomy":"product_tag","embeddable":true,"href":"https:\/\/opticaeyeconic.com\/index.php\/wp-json\/wp\/v2\/product_tag?post=467"}],"curies":[{"name":"wp","href":"https:\/\/api.w.org\/{rel}","templated":true}]}}