{"id":465,"date":"2024-01-19T21:02:58","date_gmt":"2024-01-19T20:02:58","guid":{"rendered":"https:\/\/opticaeyeconic.com\/index.php\/product\/l2604nd-710-53\/"},"modified":"2024-08-14T13:40:13","modified_gmt":"2024-08-14T18:40:13","slug":"l2604nd-710-53","status":"publish","type":"product","link":"https:\/\/opticaeyeconic.com\/index.php\/product\/l2604nd-710-53\/","title":{"rendered":"Lacoste &#8211; L2604ND 710-53"},"content":{"rendered":"<p>Esta temporada, las gafas Lacoste L2604ND son una opci\u00f3n fashion de la marca de gafas Lacoste . Para una \u00f3ptima visi\u00f3n, ofrecemos gafas graduadas profesionales que combinan con tus monturas Gold Tortoise y est\u00e1n hechas de Pl\u00e1stic<\/p>\n","protected":false},"excerpt":{"rendered":"<p>Armaz\u00f3n LACOSTE L2604ND 710-53<\/p>\n","protected":false},"featured_media":1422,"comment_status":"closed","ping_status":"closed","template":"","meta":{"_acf_changed":false,"_joinchat":[]},"product_cat":[53,43],"product_tag":[],"acf":[],"_links":{"self":[{"href":"https:\/\/opticaeyeconic.com\/index.php\/wp-json\/wp\/v2\/product\/465"}],"collection":[{"href":"https:\/\/opticaeyeconic.com\/index.php\/wp-json\/wp\/v2\/product"}],"about":[{"href":"https:\/\/opticaeyeconic.com\/index.php\/wp-json\/wp\/v2\/types\/product"}],"replies":[{"embeddable":true,"href":"https:\/\/opticaeyeconic.com\/index.php\/wp-json\/wp\/v2\/comments?post=465"}],"wp:featuredmedia":[{"embeddable":true,"href":"https:\/\/opticaeyeconic.com\/index.php\/wp-json\/wp\/v2\/media\/1422"}],"wp:attachment":[{"href":"https:\/\/opticaeyeconic.com\/index.php\/wp-json\/wp\/v2\/media?parent=465"}],"wp:term":[{"taxonomy":"product_cat","embeddable":true,"href":"https:\/\/opticaeyeconic.com\/index.php\/wp-json\/wp\/v2\/product_cat?post=465"},{"taxonomy":"product_tag","embeddable":true,"href":"https:\/\/opticaeyeconic.com\/index.php\/wp-json\/wp\/v2\/product_tag?post=465"}],"curies":[{"name":"wp","href":"https:\/\/api.w.org\/{rel}","templated":true}]}}