{"id":459,"date":"2024-01-19T21:02:56","date_gmt":"2024-01-19T20:02:56","guid":{"rendered":"https:\/\/opticaeyeconic.com\/index.php\/product\/l2217-001-matte-black-54-17-145\/"},"modified":"2024-04-16T18:59:31","modified_gmt":"2024-04-16T23:59:31","slug":"l2217-001-matte-black-54-17-145","status":"publish","type":"product","link":"https:\/\/opticaeyeconic.com\/index.php\/product\/l2217-001-matte-black-54-17-145\/","title":{"rendered":"Lacoste &#8211; L2217 001 MATTE BLACK-54-17-145"},"content":{"rendered":"<p>Esta temporada, las gafas Lacoste L2217 son una opci\u00f3n fashion de la marca de gafas Lacoste . Para una \u00f3ptima visi\u00f3n, ofrecemos gafas graduadas profesionales que combinan con tus monturas Azul y est\u00e1n hechas de Metal<\/p>\n","protected":false},"excerpt":{"rendered":"<p>Armaz\u00f3n LACOSTE L2217 001 MATTE BLACK-54-17-145<\/p>\n","protected":false},"featured_media":1430,"comment_status":"closed","ping_status":"closed","template":"","meta":{"_acf_changed":false,"_joinchat":[]},"product_cat":[53,43],"product_tag":[],"acf":[],"_links":{"self":[{"href":"https:\/\/opticaeyeconic.com\/index.php\/wp-json\/wp\/v2\/product\/459"}],"collection":[{"href":"https:\/\/opticaeyeconic.com\/index.php\/wp-json\/wp\/v2\/product"}],"about":[{"href":"https:\/\/opticaeyeconic.com\/index.php\/wp-json\/wp\/v2\/types\/product"}],"replies":[{"embeddable":true,"href":"https:\/\/opticaeyeconic.com\/index.php\/wp-json\/wp\/v2\/comments?post=459"}],"wp:featuredmedia":[{"embeddable":true,"href":"https:\/\/opticaeyeconic.com\/index.php\/wp-json\/wp\/v2\/media\/1430"}],"wp:attachment":[{"href":"https:\/\/opticaeyeconic.com\/index.php\/wp-json\/wp\/v2\/media?parent=459"}],"wp:term":[{"taxonomy":"product_cat","embeddable":true,"href":"https:\/\/opticaeyeconic.com\/index.php\/wp-json\/wp\/v2\/product_cat?post=459"},{"taxonomy":"product_tag","embeddable":true,"href":"https:\/\/opticaeyeconic.com\/index.php\/wp-json\/wp\/v2\/product_tag?post=459"}],"curies":[{"name":"wp","href":"https:\/\/api.w.org\/{rel}","templated":true}]}}