{"id":445,"date":"2024-01-19T21:02:56","date_gmt":"2024-01-19T20:02:56","guid":{"rendered":"https:\/\/opticaeyeconic.com\/index.php\/product\/gu2798-092-51\/"},"modified":"2024-04-16T18:59:30","modified_gmt":"2024-04-16T23:59:30","slug":"gu2798-092-51","status":"publish","type":"product","link":"https:\/\/opticaeyeconic.com\/index.php\/product\/gu2798-092-51\/","title":{"rendered":"Guess &#8211; GU2798 092 51"},"content":{"rendered":"<p>Esta temporada, las gafas Guess GU2798 son una opci\u00f3n fashion de la marca de gafas Guess . Para una \u00f3ptima visi\u00f3n, ofrecemos gafas graduadas profesionales que combinan con tus monturas Blue\/Tortoise y est\u00e1n hechas de Metal<\/p>\n","protected":false},"excerpt":{"rendered":"<p>Armaz\u00f3n GUESS GU2798 092 51<\/p>\n","protected":false},"featured_media":1498,"comment_status":"closed","ping_status":"closed","template":"","meta":{"_acf_changed":false,"_joinchat":[]},"product_cat":[53,36],"product_tag":[],"acf":[],"_links":{"self":[{"href":"https:\/\/opticaeyeconic.com\/index.php\/wp-json\/wp\/v2\/product\/445"}],"collection":[{"href":"https:\/\/opticaeyeconic.com\/index.php\/wp-json\/wp\/v2\/product"}],"about":[{"href":"https:\/\/opticaeyeconic.com\/index.php\/wp-json\/wp\/v2\/types\/product"}],"replies":[{"embeddable":true,"href":"https:\/\/opticaeyeconic.com\/index.php\/wp-json\/wp\/v2\/comments?post=445"}],"wp:featuredmedia":[{"embeddable":true,"href":"https:\/\/opticaeyeconic.com\/index.php\/wp-json\/wp\/v2\/media\/1498"}],"wp:attachment":[{"href":"https:\/\/opticaeyeconic.com\/index.php\/wp-json\/wp\/v2\/media?parent=445"}],"wp:term":[{"taxonomy":"product_cat","embeddable":true,"href":"https:\/\/opticaeyeconic.com\/index.php\/wp-json\/wp\/v2\/product_cat?post=445"},{"taxonomy":"product_tag","embeddable":true,"href":"https:\/\/opticaeyeconic.com\/index.php\/wp-json\/wp\/v2\/product_tag?post=445"}],"curies":[{"name":"wp","href":"https:\/\/api.w.org\/{rel}","templated":true}]}}