{"id":441,"date":"2024-01-19T21:02:56","date_gmt":"2024-01-19T20:02:56","guid":{"rendered":"https:\/\/opticaeyeconic.com\/index.php\/product\/gu2637-d-089-54\/"},"modified":"2024-08-14T13:37:48","modified_gmt":"2024-08-14T18:37:48","slug":"gu2637-d-089-54","status":"publish","type":"product","link":"https:\/\/opticaeyeconic.com\/index.php\/product\/gu2637-d-089-54\/","title":{"rendered":"Guess &#8211; GU2637-D 089 54"},"content":{"rendered":"<p>Esta temporada, las gafas Guess GU2637-D Asian Fit son una opci\u00f3n fashion de la marca de gafas Guess . Para una \u00f3ptima visi\u00f3n, ofrecemos gafas graduadas profesionales que combinan con tus monturas Celestes y est\u00e1n hechas de Pl\u00e1stico<\/p>\n","protected":false},"excerpt":{"rendered":"<p>Armaz\u00f3n GUESS GU2637-D 089 54<\/p>\n","protected":false},"featured_media":1491,"comment_status":"closed","ping_status":"closed","template":"","meta":{"_acf_changed":false,"_joinchat":[]},"product_cat":[53,36],"product_tag":[],"acf":[],"_links":{"self":[{"href":"https:\/\/opticaeyeconic.com\/index.php\/wp-json\/wp\/v2\/product\/441"}],"collection":[{"href":"https:\/\/opticaeyeconic.com\/index.php\/wp-json\/wp\/v2\/product"}],"about":[{"href":"https:\/\/opticaeyeconic.com\/index.php\/wp-json\/wp\/v2\/types\/product"}],"replies":[{"embeddable":true,"href":"https:\/\/opticaeyeconic.com\/index.php\/wp-json\/wp\/v2\/comments?post=441"}],"wp:featuredmedia":[{"embeddable":true,"href":"https:\/\/opticaeyeconic.com\/index.php\/wp-json\/wp\/v2\/media\/1491"}],"wp:attachment":[{"href":"https:\/\/opticaeyeconic.com\/index.php\/wp-json\/wp\/v2\/media?parent=441"}],"wp:term":[{"taxonomy":"product_cat","embeddable":true,"href":"https:\/\/opticaeyeconic.com\/index.php\/wp-json\/wp\/v2\/product_cat?post=441"},{"taxonomy":"product_tag","embeddable":true,"href":"https:\/\/opticaeyeconic.com\/index.php\/wp-json\/wp\/v2\/product_tag?post=441"}],"curies":[{"name":"wp","href":"https:\/\/api.w.org\/{rel}","templated":true}]}}