{"id":436,"date":"2024-01-19T21:02:55","date_gmt":"2024-01-19T20:02:55","guid":{"rendered":"https:\/\/opticaeyeconic.com\/index.php\/product\/gu1932-f-052-51\/"},"modified":"2024-08-14T13:36:30","modified_gmt":"2024-08-14T18:36:30","slug":"gu1932-f-052-51","status":"publish","type":"product","link":"https:\/\/opticaeyeconic.com\/index.php\/product\/gu1932-f-052-51\/","title":{"rendered":"Guess &#8211; GU1932-F 052 51"},"content":{"rendered":"<p>Esta temporada, las gafas Guess GU1932-F Asian Fit son una opci\u00f3n fashion de la marca de gafas Guess . Para una \u00f3ptima visi\u00f3n, ofrecemos gafas graduadas profesionales que combinan con tus monturas Negro y est\u00e1n hechas de Pl\u00e1stico . Con nuestra autenticidad garantizada y 1 a\u00f1o de garant\u00eda.<\/p>\n","protected":false},"excerpt":{"rendered":"<p>Armaz\u00f3n GUESS GU1932-F 052 51<\/p>\n","protected":false},"featured_media":1451,"comment_status":"closed","ping_status":"closed","template":"","meta":{"_acf_changed":false,"_joinchat":[]},"product_cat":[53,36],"product_tag":[],"acf":[],"_links":{"self":[{"href":"https:\/\/opticaeyeconic.com\/index.php\/wp-json\/wp\/v2\/product\/436"}],"collection":[{"href":"https:\/\/opticaeyeconic.com\/index.php\/wp-json\/wp\/v2\/product"}],"about":[{"href":"https:\/\/opticaeyeconic.com\/index.php\/wp-json\/wp\/v2\/types\/product"}],"replies":[{"embeddable":true,"href":"https:\/\/opticaeyeconic.com\/index.php\/wp-json\/wp\/v2\/comments?post=436"}],"wp:featuredmedia":[{"embeddable":true,"href":"https:\/\/opticaeyeconic.com\/index.php\/wp-json\/wp\/v2\/media\/1451"}],"wp:attachment":[{"href":"https:\/\/opticaeyeconic.com\/index.php\/wp-json\/wp\/v2\/media?parent=436"}],"wp:term":[{"taxonomy":"product_cat","embeddable":true,"href":"https:\/\/opticaeyeconic.com\/index.php\/wp-json\/wp\/v2\/product_cat?post=436"},{"taxonomy":"product_tag","embeddable":true,"href":"https:\/\/opticaeyeconic.com\/index.php\/wp-json\/wp\/v2\/product_tag?post=436"}],"curies":[{"name":"wp","href":"https:\/\/api.w.org\/{rel}","templated":true}]}}