{"id":431,"date":"2024-01-19T21:02:55","date_gmt":"2024-01-19T20:02:55","guid":{"rendered":"https:\/\/opticaeyeconic.com\/index.php\/product\/gm0331-056-53\/"},"modified":"2024-04-16T18:59:29","modified_gmt":"2024-04-16T23:59:29","slug":"gm0331-056-53","status":"publish","type":"product","link":"https:\/\/opticaeyeconic.com\/index.php\/product\/gm0331-056-53\/","title":{"rendered":"Guess Marciano &#8211; GM0331 056 53"},"content":{"rendered":"<p>Los anteojos geom\u00e9tricos Guess By Marciano GM0331 de Marciano Los \u00c1ngeles siguen el ejemplo de la verdadera moda GUESS con accesorios que est\u00e1n a la vanguardia de la moda.\u00a0La colecci\u00f3n es atrevidamente sexy, pero ofrece un estilo muy sofisticado que representa puro glamour en la moda cotidiana.<\/p>\n","protected":false},"excerpt":{"rendered":"<p>Armaz\u00f3n GUESS Marciano GM0331 056 53<\/p>\n","protected":false},"featured_media":1446,"comment_status":"closed","ping_status":"closed","template":"","meta":{"_acf_changed":false,"_joinchat":[]},"product_cat":[53,39],"product_tag":[],"acf":[],"_links":{"self":[{"href":"https:\/\/opticaeyeconic.com\/index.php\/wp-json\/wp\/v2\/product\/431"}],"collection":[{"href":"https:\/\/opticaeyeconic.com\/index.php\/wp-json\/wp\/v2\/product"}],"about":[{"href":"https:\/\/opticaeyeconic.com\/index.php\/wp-json\/wp\/v2\/types\/product"}],"replies":[{"embeddable":true,"href":"https:\/\/opticaeyeconic.com\/index.php\/wp-json\/wp\/v2\/comments?post=431"}],"wp:featuredmedia":[{"embeddable":true,"href":"https:\/\/opticaeyeconic.com\/index.php\/wp-json\/wp\/v2\/media\/1446"}],"wp:attachment":[{"href":"https:\/\/opticaeyeconic.com\/index.php\/wp-json\/wp\/v2\/media?parent=431"}],"wp:term":[{"taxonomy":"product_cat","embeddable":true,"href":"https:\/\/opticaeyeconic.com\/index.php\/wp-json\/wp\/v2\/product_cat?post=431"},{"taxonomy":"product_tag","embeddable":true,"href":"https:\/\/opticaeyeconic.com\/index.php\/wp-json\/wp\/v2\/product_tag?post=431"}],"curies":[{"name":"wp","href":"https:\/\/api.w.org\/{rel}","templated":true}]}}