{"id":430,"date":"2024-01-19T21:02:54","date_gmt":"2024-01-19T20:02:54","guid":{"rendered":"https:\/\/opticaeyeconic.com\/index.php\/product\/gm0331-055-53\/"},"modified":"2024-04-22T18:39:29","modified_gmt":"2024-04-22T23:39:29","slug":"gm0331-055-53","status":"publish","type":"product","link":"https:\/\/opticaeyeconic.com\/index.php\/product\/gm0331-055-53\/","title":{"rendered":"Guess Marciano &#8211; GM0331 055 53"},"content":{"rendered":"<p>Los anteojos geom\u00e9tricos Guess By Marciano GM0331 de Marciano Los \u00c1ngeles siguen el ejemplo de la verdadera moda GUESS con accesorios que est\u00e1n a la vanguardia de la moda.\u00a0La colecci\u00f3n es atrevidamente sexy, pero ofrece un estilo muy sofisticado que representa puro glamour en la moda cotidiana.<\/p>\n","protected":false},"excerpt":{"rendered":"<p>Armaz\u00f3n GUESS Marciano GM0331 055 53<\/p>\n","protected":false},"featured_media":2815,"comment_status":"closed","ping_status":"closed","template":"","meta":{"_acf_changed":false,"_joinchat":[]},"product_cat":[53,39],"product_tag":[],"acf":[],"_links":{"self":[{"href":"https:\/\/opticaeyeconic.com\/index.php\/wp-json\/wp\/v2\/product\/430"}],"collection":[{"href":"https:\/\/opticaeyeconic.com\/index.php\/wp-json\/wp\/v2\/product"}],"about":[{"href":"https:\/\/opticaeyeconic.com\/index.php\/wp-json\/wp\/v2\/types\/product"}],"replies":[{"embeddable":true,"href":"https:\/\/opticaeyeconic.com\/index.php\/wp-json\/wp\/v2\/comments?post=430"}],"wp:featuredmedia":[{"embeddable":true,"href":"https:\/\/opticaeyeconic.com\/index.php\/wp-json\/wp\/v2\/media\/2815"}],"wp:attachment":[{"href":"https:\/\/opticaeyeconic.com\/index.php\/wp-json\/wp\/v2\/media?parent=430"}],"wp:term":[{"taxonomy":"product_cat","embeddable":true,"href":"https:\/\/opticaeyeconic.com\/index.php\/wp-json\/wp\/v2\/product_cat?post=430"},{"taxonomy":"product_tag","embeddable":true,"href":"https:\/\/opticaeyeconic.com\/index.php\/wp-json\/wp\/v2\/product_tag?post=430"}],"curies":[{"name":"wp","href":"https:\/\/api.w.org\/{rel}","templated":true}]}}