{"id":417,"date":"2024-01-19T21:02:54","date_gmt":"2024-01-19T20:02:54","guid":{"rendered":"https:\/\/opticaeyeconic.com\/index.php\/product\/ch-0075-0noa-00-54\/"},"modified":"2024-08-15T13:33:22","modified_gmt":"2024-08-15T18:33:22","slug":"ch-0075-0noa-00-54","status":"publish","type":"product","link":"https:\/\/opticaeyeconic.com\/index.php\/product\/ch-0075-0noa-00-54\/","title":{"rendered":"Carolina Herrera &#8211; CH 0075 0NOA 00 54"},"content":{"rendered":"<p>Esta temporada, las gafas Carolina Herrera CH 0075 son una opci\u00f3n fashion y vanguardista. Para una \u00f3ptima visi\u00f3n, ofrecemos gafas graduadas profesionales que combinan con tus monturas Burgundy Light Gold y est\u00e1n hechas de Stainless Steel.<\/p>\n","protected":false},"excerpt":{"rendered":"<p>Armaz\u00f3n Carolina Herrera CH 0075 0NOA 00 54<\/p>\n","protected":false},"featured_media":2804,"comment_status":"closed","ping_status":"closed","template":"","meta":{"_acf_changed":false,"_joinchat":[]},"product_cat":[53,32],"product_tag":[],"acf":[],"_links":{"self":[{"href":"https:\/\/opticaeyeconic.com\/index.php\/wp-json\/wp\/v2\/product\/417"}],"collection":[{"href":"https:\/\/opticaeyeconic.com\/index.php\/wp-json\/wp\/v2\/product"}],"about":[{"href":"https:\/\/opticaeyeconic.com\/index.php\/wp-json\/wp\/v2\/types\/product"}],"replies":[{"embeddable":true,"href":"https:\/\/opticaeyeconic.com\/index.php\/wp-json\/wp\/v2\/comments?post=417"}],"wp:featuredmedia":[{"embeddable":true,"href":"https:\/\/opticaeyeconic.com\/index.php\/wp-json\/wp\/v2\/media\/2804"}],"wp:attachment":[{"href":"https:\/\/opticaeyeconic.com\/index.php\/wp-json\/wp\/v2\/media?parent=417"}],"wp:term":[{"taxonomy":"product_cat","embeddable":true,"href":"https:\/\/opticaeyeconic.com\/index.php\/wp-json\/wp\/v2\/product_cat?post=417"},{"taxonomy":"product_tag","embeddable":true,"href":"https:\/\/opticaeyeconic.com\/index.php\/wp-json\/wp\/v2\/product_tag?post=417"}],"curies":[{"name":"wp","href":"https:\/\/api.w.org\/{rel}","templated":true}]}}