{"id":415,"date":"2024-01-19T21:02:54","date_gmt":"2024-01-19T20:02:54","guid":{"rendered":"https:\/\/opticaeyeconic.com\/index.php\/product\/ch-0036s-lks-gold-56-20-145\/"},"modified":"2024-12-26T14:31:57","modified_gmt":"2024-12-26T19:31:57","slug":"ch-0036s-lks-gold-56-20-145","status":"publish","type":"product","link":"https:\/\/opticaeyeconic.com\/index.php\/product\/ch-0036s-lks-gold-56-20-145\/","title":{"rendered":"Carolina Herrera &#8211; CH 0036S LKS GOLD-56-20-145"},"content":{"rendered":"<p>Las gafas de marca Carolina Herrera CH 0036\/S est\u00e1n fabricadas con Stainless Steel y cristales Pl\u00e1stico en . Con una excelente combinaci\u00f3n de colores como las monturas Blue Gold con los cristales Gradient Blue , las gafas de sol de Carolina Herrera son un must-have de esta temporada.<\/p>\n","protected":false},"excerpt":{"rendered":"<p>Gafas Carolina Herrera CH 0036S LKS GOLD-56-20-145<\/p>\n","protected":false},"featured_media":1462,"comment_status":"closed","ping_status":"closed","template":"","meta":{"_acf_changed":false,"_joinchat":[]},"product_cat":[32,52],"product_tag":[],"acf":[],"_links":{"self":[{"href":"https:\/\/opticaeyeconic.com\/index.php\/wp-json\/wp\/v2\/product\/415"}],"collection":[{"href":"https:\/\/opticaeyeconic.com\/index.php\/wp-json\/wp\/v2\/product"}],"about":[{"href":"https:\/\/opticaeyeconic.com\/index.php\/wp-json\/wp\/v2\/types\/product"}],"replies":[{"embeddable":true,"href":"https:\/\/opticaeyeconic.com\/index.php\/wp-json\/wp\/v2\/comments?post=415"}],"wp:featuredmedia":[{"embeddable":true,"href":"https:\/\/opticaeyeconic.com\/index.php\/wp-json\/wp\/v2\/media\/1462"}],"wp:attachment":[{"href":"https:\/\/opticaeyeconic.com\/index.php\/wp-json\/wp\/v2\/media?parent=415"}],"wp:term":[{"taxonomy":"product_cat","embeddable":true,"href":"https:\/\/opticaeyeconic.com\/index.php\/wp-json\/wp\/v2\/product_cat?post=415"},{"taxonomy":"product_tag","embeddable":true,"href":"https:\/\/opticaeyeconic.com\/index.php\/wp-json\/wp\/v2\/product_tag?post=415"}],"curies":[{"name":"wp","href":"https:\/\/api.w.org\/{rel}","templated":true}]}}