{"id":413,"date":"2024-01-19T21:02:54","date_gmt":"2024-01-19T20:02:54","guid":{"rendered":"https:\/\/opticaeyeconic.com\/index.php\/product\/ck21302-422-53-21-145\/"},"modified":"2024-04-16T18:59:28","modified_gmt":"2024-04-16T23:59:28","slug":"ck21302-422-53-21-145","status":"publish","type":"product","link":"https:\/\/opticaeyeconic.com\/index.php\/product\/ck21302-422-53-21-145\/","title":{"rendered":"Calvin Klein &#8211; CK21302 422-53-21-145"},"content":{"rendered":"<p>Con las gafas Calvin Klein CK21302 , puedes tener una visi\u00f3n clara sin la necesidad de sacrificar tu estilo. En SmartBuyGlasses , ofrecemos ofertas especiales en gafas graduadas Premium para combinar con tus monturas Negro . Las sofisticadas gafas Calvin Klein CK21502 son estilosas Cuadrados y elaboradas con Pl\u00e1stico. Con nuestra autenticidad garantizada y 1 a\u00f1o de garant\u00eda<\/p>\n","protected":false},"excerpt":{"rendered":"<p>Armaz\u00f3n Calvin Klein CK21302 422-53-21-145<\/p>\n","protected":false},"featured_media":1465,"comment_status":"closed","ping_status":"closed","template":"","meta":{"_acf_changed":false,"_joinchat":[]},"product_cat":[53,31],"product_tag":[],"acf":[],"_links":{"self":[{"href":"https:\/\/opticaeyeconic.com\/index.php\/wp-json\/wp\/v2\/product\/413"}],"collection":[{"href":"https:\/\/opticaeyeconic.com\/index.php\/wp-json\/wp\/v2\/product"}],"about":[{"href":"https:\/\/opticaeyeconic.com\/index.php\/wp-json\/wp\/v2\/types\/product"}],"replies":[{"embeddable":true,"href":"https:\/\/opticaeyeconic.com\/index.php\/wp-json\/wp\/v2\/comments?post=413"}],"wp:featuredmedia":[{"embeddable":true,"href":"https:\/\/opticaeyeconic.com\/index.php\/wp-json\/wp\/v2\/media\/1465"}],"wp:attachment":[{"href":"https:\/\/opticaeyeconic.com\/index.php\/wp-json\/wp\/v2\/media?parent=413"}],"wp:term":[{"taxonomy":"product_cat","embeddable":true,"href":"https:\/\/opticaeyeconic.com\/index.php\/wp-json\/wp\/v2\/product_cat?post=413"},{"taxonomy":"product_tag","embeddable":true,"href":"https:\/\/opticaeyeconic.com\/index.php\/wp-json\/wp\/v2\/product_tag?post=413"}],"curies":[{"name":"wp","href":"https:\/\/api.w.org\/{rel}","templated":true}]}}