{"id":412,"date":"2024-01-19T21:02:54","date_gmt":"2024-01-19T20:02:54","guid":{"rendered":"https:\/\/opticaeyeconic.com\/index.php\/product\/ck20508-552-54\/"},"modified":"2024-04-16T18:59:28","modified_gmt":"2024-04-16T23:59:28","slug":"ck20508-552-54","status":"publish","type":"product","link":"https:\/\/opticaeyeconic.com\/index.php\/product\/ck20508-552-54\/","title":{"rendered":"Calvin Klein &#8211; CK20508 552-54"},"content":{"rendered":"<p>Esta temporada, las gafas Calvin Klein CK20508 son una opci\u00f3n fashion de la marca de gafas Calvin Klein . Para una \u00f3ptima visi\u00f3n, ofrecemos gafas graduadas profesionales que combinan con tus monturas Light Blue Tortoise y est\u00e1n hechas de Pl\u00e1stico. Con nuestra autenticidad garantizada y 1 a\u00f1o de garant\u00eda<\/p>\n","protected":false},"excerpt":{"rendered":"<p>Armaz\u00f3n Calvin Klein CK20508 552-54<\/p>\n","protected":false},"featured_media":1466,"comment_status":"closed","ping_status":"closed","template":"","meta":{"_acf_changed":false,"_joinchat":[]},"product_cat":[53,31],"product_tag":[],"acf":[],"_links":{"self":[{"href":"https:\/\/opticaeyeconic.com\/index.php\/wp-json\/wp\/v2\/product\/412"}],"collection":[{"href":"https:\/\/opticaeyeconic.com\/index.php\/wp-json\/wp\/v2\/product"}],"about":[{"href":"https:\/\/opticaeyeconic.com\/index.php\/wp-json\/wp\/v2\/types\/product"}],"replies":[{"embeddable":true,"href":"https:\/\/opticaeyeconic.com\/index.php\/wp-json\/wp\/v2\/comments?post=412"}],"wp:featuredmedia":[{"embeddable":true,"href":"https:\/\/opticaeyeconic.com\/index.php\/wp-json\/wp\/v2\/media\/1466"}],"wp:attachment":[{"href":"https:\/\/opticaeyeconic.com\/index.php\/wp-json\/wp\/v2\/media?parent=412"}],"wp:term":[{"taxonomy":"product_cat","embeddable":true,"href":"https:\/\/opticaeyeconic.com\/index.php\/wp-json\/wp\/v2\/product_cat?post=412"},{"taxonomy":"product_tag","embeddable":true,"href":"https:\/\/opticaeyeconic.com\/index.php\/wp-json\/wp\/v2\/product_tag?post=412"}],"curies":[{"name":"wp","href":"https:\/\/api.w.org\/{rel}","templated":true}]}}