{"id":406,"date":"2024-01-19T21:02:53","date_gmt":"2024-01-19T20:02:53","guid":{"rendered":"https:\/\/opticaeyeconic.com\/?post_type=product&#038;p=406"},"modified":"2024-04-16T18:59:28","modified_gmt":"2024-04-16T23:59:28","slug":"ck18304-001-53-2","status":"publish","type":"product","link":"https:\/\/opticaeyeconic.com\/index.php\/product\/ck18304-001-53-2\/","title":{"rendered":"Calvin Klein &#8211; CK18304 001 53"},"content":{"rendered":"<p>Esta temporada, las gafas Calvin Klein CK18304 son una opci\u00f3n fashion de la marca de gafas Calvin Klein . Para una \u00f3ptima visi\u00f3n, ofrecemos gafas graduadas profesionales que combinan con tus monturas Satin Navy Blue y est\u00e1n hechas de Metal . Con nuestra autenticidad garantizada y 1 a\u00f1o de garant\u00eda<\/p>\n","protected":false},"excerpt":{"rendered":"<p>Armaz\u00f3n Calvin Klein CK18304 001 53<\/p>\n","protected":false},"featured_media":1489,"comment_status":"open","ping_status":"closed","template":"","meta":{"_acf_changed":false,"_joinchat":[]},"product_cat":[53,31],"product_tag":[],"acf":[],"_links":{"self":[{"href":"https:\/\/opticaeyeconic.com\/index.php\/wp-json\/wp\/v2\/product\/406"}],"collection":[{"href":"https:\/\/opticaeyeconic.com\/index.php\/wp-json\/wp\/v2\/product"}],"about":[{"href":"https:\/\/opticaeyeconic.com\/index.php\/wp-json\/wp\/v2\/types\/product"}],"replies":[{"embeddable":true,"href":"https:\/\/opticaeyeconic.com\/index.php\/wp-json\/wp\/v2\/comments?post=406"}],"wp:featuredmedia":[{"embeddable":true,"href":"https:\/\/opticaeyeconic.com\/index.php\/wp-json\/wp\/v2\/media\/1489"}],"wp:attachment":[{"href":"https:\/\/opticaeyeconic.com\/index.php\/wp-json\/wp\/v2\/media?parent=406"}],"wp:term":[{"taxonomy":"product_cat","embeddable":true,"href":"https:\/\/opticaeyeconic.com\/index.php\/wp-json\/wp\/v2\/product_cat?post=406"},{"taxonomy":"product_tag","embeddable":true,"href":"https:\/\/opticaeyeconic.com\/index.php\/wp-json\/wp\/v2\/product_tag?post=406"}],"curies":[{"name":"wp","href":"https:\/\/api.w.org\/{rel}","templated":true}]}}