{"id":3195,"date":"2024-10-29T17:01:53","date_gmt":"2024-10-29T22:01:53","guid":{"rendered":"https:\/\/opticaeyeconic.com\/index.php\/product\/ck533-2-780\/"},"modified":"2025-06-16T11:51:52","modified_gmt":"2025-06-16T16:51:52","slug":"ck533-2-780","status":"publish","type":"product","link":"https:\/\/opticaeyeconic.com\/index.php\/product\/ck533-2-780\/","title":{"rendered":"CK533-2 780"},"content":{"rendered":"<p>La marca de moda estadounidense\u00a0Calvin Klein\u00a0se ha caracterizado desde su fundaci\u00f3n en 1968 por su autenticidad, independencia y modernidad. Representa como ninguna otra el atractivo de una est\u00e9tica minimalista y moderna y, por ello, se ha asegurado un lugar permanente en la cima de las empresas de ropa m\u00e1s exitosas del mundo. Gracias a sus expresivos modelos, selectos materiales y ambiciosos dise\u00f1os, Calvin Klein sigue siendo la marca de referencia en lo que a gafas con estilo se refiere.<\/p>\n","protected":false},"excerpt":{"rendered":"<p>Armaz\u00f3n Calvin Klein CK533-2 780<\/p>\n","protected":false},"featured_media":3351,"comment_status":"closed","ping_status":"closed","template":"","meta":{"_acf_changed":false,"_joinchat":[]},"product_cat":[53,31],"product_tag":[],"acf":[],"_links":{"self":[{"href":"https:\/\/opticaeyeconic.com\/index.php\/wp-json\/wp\/v2\/product\/3195"}],"collection":[{"href":"https:\/\/opticaeyeconic.com\/index.php\/wp-json\/wp\/v2\/product"}],"about":[{"href":"https:\/\/opticaeyeconic.com\/index.php\/wp-json\/wp\/v2\/types\/product"}],"replies":[{"embeddable":true,"href":"https:\/\/opticaeyeconic.com\/index.php\/wp-json\/wp\/v2\/comments?post=3195"}],"wp:featuredmedia":[{"embeddable":true,"href":"https:\/\/opticaeyeconic.com\/index.php\/wp-json\/wp\/v2\/media\/3351"}],"wp:attachment":[{"href":"https:\/\/opticaeyeconic.com\/index.php\/wp-json\/wp\/v2\/media?parent=3195"}],"wp:term":[{"taxonomy":"product_cat","embeddable":true,"href":"https:\/\/opticaeyeconic.com\/index.php\/wp-json\/wp\/v2\/product_cat?post=3195"},{"taxonomy":"product_tag","embeddable":true,"href":"https:\/\/opticaeyeconic.com\/index.php\/wp-json\/wp\/v2\/product_tag?post=3195"}],"curies":[{"name":"wp","href":"https:\/\/api.w.org\/{rel}","templated":true}]}}