{"id":2834,"date":"2024-04-24T17:51:45","date_gmt":"2024-04-24T22:51:45","guid":{"rendered":"https:\/\/opticaeyeconic.com\/index.php\/product\/nike-7256-302\/"},"modified":"2025-06-12T11:43:22","modified_gmt":"2025-06-12T16:43:22","slug":"nike-7256-302","status":"publish","type":"product","link":"https:\/\/opticaeyeconic.com\/index.php\/product\/nike-7256-302\/","title":{"rendered":"NIKE 7256 302"},"content":{"rendered":"<p>Los anteojos Nike 7256 se ven bien no importa cu\u00e1l sea la ocasi\u00f3n. Hechos de Acetato , los anteojos de Nike son elegantes, sofisticados y con un estilo \u00fanico<\/p>\n","protected":false},"excerpt":{"rendered":"<p>Armaz\u00f3n NIKE 7256 302<\/p>\n","protected":false},"featured_media":2919,"comment_status":"closed","ping_status":"closed","template":"","meta":{"_acf_changed":false,"_joinchat":[]},"product_cat":[53,35],"product_tag":[],"acf":[],"_links":{"self":[{"href":"https:\/\/opticaeyeconic.com\/index.php\/wp-json\/wp\/v2\/product\/2834"}],"collection":[{"href":"https:\/\/opticaeyeconic.com\/index.php\/wp-json\/wp\/v2\/product"}],"about":[{"href":"https:\/\/opticaeyeconic.com\/index.php\/wp-json\/wp\/v2\/types\/product"}],"replies":[{"embeddable":true,"href":"https:\/\/opticaeyeconic.com\/index.php\/wp-json\/wp\/v2\/comments?post=2834"}],"wp:featuredmedia":[{"embeddable":true,"href":"https:\/\/opticaeyeconic.com\/index.php\/wp-json\/wp\/v2\/media\/2919"}],"wp:attachment":[{"href":"https:\/\/opticaeyeconic.com\/index.php\/wp-json\/wp\/v2\/media?parent=2834"}],"wp:term":[{"taxonomy":"product_cat","embeddable":true,"href":"https:\/\/opticaeyeconic.com\/index.php\/wp-json\/wp\/v2\/product_cat?post=2834"},{"taxonomy":"product_tag","embeddable":true,"href":"https:\/\/opticaeyeconic.com\/index.php\/wp-json\/wp\/v2\/product_tag?post=2834"}],"curies":[{"name":"wp","href":"https:\/\/api.w.org\/{rel}","templated":true}]}}