{"id":2832,"date":"2024-04-24T17:51:45","date_gmt":"2024-04-24T22:51:45","guid":{"rendered":"https:\/\/opticaeyeconic.com\/index.php\/product\/nike-7038-001\/"},"modified":"2024-04-25T11:41:16","modified_gmt":"2024-04-25T16:41:16","slug":"nike-7038-001","status":"publish","type":"product","link":"https:\/\/opticaeyeconic.com\/index.php\/product\/nike-7038-001\/","title":{"rendered":"NIKE 7038 001"},"content":{"rendered":"<p>Los anteojos Nike 7038 se ven bien no importa cu\u00e1l sea la ocasi\u00f3n. Hechos de Pl\u00e1stico , los anteojos de Nike son elegantes, sofisticados y con un estilo \u00fanico<\/p>\n","protected":false},"excerpt":{"rendered":"<p>Armaz\u00f3n NIKE 7038 001<\/p>\n","protected":false},"featured_media":2945,"comment_status":"closed","ping_status":"closed","template":"","meta":{"_acf_changed":false,"_joinchat":[]},"product_cat":[53,35],"product_tag":[],"acf":[],"_links":{"self":[{"href":"https:\/\/opticaeyeconic.com\/index.php\/wp-json\/wp\/v2\/product\/2832"}],"collection":[{"href":"https:\/\/opticaeyeconic.com\/index.php\/wp-json\/wp\/v2\/product"}],"about":[{"href":"https:\/\/opticaeyeconic.com\/index.php\/wp-json\/wp\/v2\/types\/product"}],"replies":[{"embeddable":true,"href":"https:\/\/opticaeyeconic.com\/index.php\/wp-json\/wp\/v2\/comments?post=2832"}],"wp:featuredmedia":[{"embeddable":true,"href":"https:\/\/opticaeyeconic.com\/index.php\/wp-json\/wp\/v2\/media\/2945"}],"wp:attachment":[{"href":"https:\/\/opticaeyeconic.com\/index.php\/wp-json\/wp\/v2\/media?parent=2832"}],"wp:term":[{"taxonomy":"product_cat","embeddable":true,"href":"https:\/\/opticaeyeconic.com\/index.php\/wp-json\/wp\/v2\/product_cat?post=2832"},{"taxonomy":"product_tag","embeddable":true,"href":"https:\/\/opticaeyeconic.com\/index.php\/wp-json\/wp\/v2\/product_tag?post=2832"}],"curies":[{"name":"wp","href":"https:\/\/api.w.org\/{rel}","templated":true}]}}