{"id":2827,"date":"2024-04-24T17:51:45","date_gmt":"2024-04-24T22:51:45","guid":{"rendered":"https:\/\/opticaeyeconic.com\/index.php\/product\/nike-7126-682\/"},"modified":"2024-04-25T11:34:32","modified_gmt":"2024-04-25T16:34:32","slug":"nike-7126-682","status":"publish","type":"product","link":"https:\/\/opticaeyeconic.com\/index.php\/product\/nike-7126-682\/","title":{"rendered":"NIKE 7126 682"},"content":{"rendered":"<p>Los populares y favoritos anteojos Nike 7126 est\u00e1n disponibles en marcos Transparent Faded Pink que est\u00e1n finamente elaborados de Pl\u00e1stic<\/p>\n","protected":false},"excerpt":{"rendered":"<p>Armaz\u00f3n NIKE 7126 682<\/p>\n","protected":false},"featured_media":2923,"comment_status":"closed","ping_status":"closed","template":"","meta":{"_acf_changed":false,"_joinchat":[]},"product_cat":[53,35],"product_tag":[],"acf":[],"_links":{"self":[{"href":"https:\/\/opticaeyeconic.com\/index.php\/wp-json\/wp\/v2\/product\/2827"}],"collection":[{"href":"https:\/\/opticaeyeconic.com\/index.php\/wp-json\/wp\/v2\/product"}],"about":[{"href":"https:\/\/opticaeyeconic.com\/index.php\/wp-json\/wp\/v2\/types\/product"}],"replies":[{"embeddable":true,"href":"https:\/\/opticaeyeconic.com\/index.php\/wp-json\/wp\/v2\/comments?post=2827"}],"wp:featuredmedia":[{"embeddable":true,"href":"https:\/\/opticaeyeconic.com\/index.php\/wp-json\/wp\/v2\/media\/2923"}],"wp:attachment":[{"href":"https:\/\/opticaeyeconic.com\/index.php\/wp-json\/wp\/v2\/media?parent=2827"}],"wp:term":[{"taxonomy":"product_cat","embeddable":true,"href":"https:\/\/opticaeyeconic.com\/index.php\/wp-json\/wp\/v2\/product_cat?post=2827"},{"taxonomy":"product_tag","embeddable":true,"href":"https:\/\/opticaeyeconic.com\/index.php\/wp-json\/wp\/v2\/product_tag?post=2827"}],"curies":[{"name":"wp","href":"https:\/\/api.w.org\/{rel}","templated":true}]}}