{"id":2821,"date":"2024-04-24T17:51:44","date_gmt":"2024-04-24T22:51:44","guid":{"rendered":"https:\/\/opticaeyeconic.com\/index.php\/product\/n7321-210\/"},"modified":"2025-06-12T11:29:10","modified_gmt":"2025-06-12T16:29:10","slug":"n7321-210","status":"publish","type":"product","link":"https:\/\/opticaeyeconic.com\/index.php\/product\/n7321-210\/","title":{"rendered":"N7321 210"},"content":{"rendered":"<p>Inspirada en el agua, la colecci\u00f3n de gafas Nautica tiene un estilo cl\u00e1sico con un atractivo moderno, incorporando detalles ingeniosos para una comodidad y un ajuste \u00f3ptimos.<\/p>\n","protected":false},"excerpt":{"rendered":"<p>Armaz\u00f3n NAUTICA N7321 210<\/p>\n","protected":false},"featured_media":2989,"comment_status":"closed","ping_status":"closed","template":"","meta":{"_acf_changed":false,"_joinchat":[]},"product_cat":[53,48],"product_tag":[],"acf":[],"_links":{"self":[{"href":"https:\/\/opticaeyeconic.com\/index.php\/wp-json\/wp\/v2\/product\/2821"}],"collection":[{"href":"https:\/\/opticaeyeconic.com\/index.php\/wp-json\/wp\/v2\/product"}],"about":[{"href":"https:\/\/opticaeyeconic.com\/index.php\/wp-json\/wp\/v2\/types\/product"}],"replies":[{"embeddable":true,"href":"https:\/\/opticaeyeconic.com\/index.php\/wp-json\/wp\/v2\/comments?post=2821"}],"wp:featuredmedia":[{"embeddable":true,"href":"https:\/\/opticaeyeconic.com\/index.php\/wp-json\/wp\/v2\/media\/2989"}],"wp:attachment":[{"href":"https:\/\/opticaeyeconic.com\/index.php\/wp-json\/wp\/v2\/media?parent=2821"}],"wp:term":[{"taxonomy":"product_cat","embeddable":true,"href":"https:\/\/opticaeyeconic.com\/index.php\/wp-json\/wp\/v2\/product_cat?post=2821"},{"taxonomy":"product_tag","embeddable":true,"href":"https:\/\/opticaeyeconic.com\/index.php\/wp-json\/wp\/v2\/product_tag?post=2821"}],"curies":[{"name":"wp","href":"https:\/\/api.w.org\/{rel}","templated":true}]}}