{"id":2348,"date":"2024-04-18T14:22:06","date_gmt":"2024-04-18T19:22:06","guid":{"rendered":"https:\/\/opticaeyeconic.com\/index.php\/product\/lo-2632-602\/"},"modified":"2024-04-18T15:25:18","modified_gmt":"2024-04-18T20:25:18","slug":"lo-2632-602","status":"publish","type":"product","link":"https:\/\/opticaeyeconic.com\/index.php\/product\/lo-2632-602\/","title":{"rendered":"LO 2632 602"},"content":{"rendered":"<p>Infundida con estilo parisino y encanto sofisticado, la colecci\u00f3n Longchamp se destaca por la elegante combinaci\u00f3n de detalles ic\u00f3nicos y un atractivo moderno.<\/p>\n","protected":false},"excerpt":{"rendered":"<p>Armaz\u00f3n LongChamp LO 2632 602<\/p>\n","protected":false},"featured_media":2398,"comment_status":"closed","ping_status":"closed","template":"","meta":{"_acf_changed":false,"_joinchat":[]},"product_cat":[53,60],"product_tag":[],"acf":[],"_links":{"self":[{"href":"https:\/\/opticaeyeconic.com\/index.php\/wp-json\/wp\/v2\/product\/2348"}],"collection":[{"href":"https:\/\/opticaeyeconic.com\/index.php\/wp-json\/wp\/v2\/product"}],"about":[{"href":"https:\/\/opticaeyeconic.com\/index.php\/wp-json\/wp\/v2\/types\/product"}],"replies":[{"embeddable":true,"href":"https:\/\/opticaeyeconic.com\/index.php\/wp-json\/wp\/v2\/comments?post=2348"}],"wp:featuredmedia":[{"embeddable":true,"href":"https:\/\/opticaeyeconic.com\/index.php\/wp-json\/wp\/v2\/media\/2398"}],"wp:attachment":[{"href":"https:\/\/opticaeyeconic.com\/index.php\/wp-json\/wp\/v2\/media?parent=2348"}],"wp:term":[{"taxonomy":"product_cat","embeddable":true,"href":"https:\/\/opticaeyeconic.com\/index.php\/wp-json\/wp\/v2\/product_cat?post=2348"},{"taxonomy":"product_tag","embeddable":true,"href":"https:\/\/opticaeyeconic.com\/index.php\/wp-json\/wp\/v2\/product_tag?post=2348"}],"curies":[{"name":"wp","href":"https:\/\/api.w.org\/{rel}","templated":true}]}}