{"id":2345,"date":"2024-04-18T14:22:06","date_gmt":"2024-04-18T19:22:06","guid":{"rendered":"https:\/\/opticaeyeconic.com\/index.php\/product\/lnv-2601-207\/"},"modified":"2024-04-18T14:38:03","modified_gmt":"2024-04-18T19:38:03","slug":"lnv-2601-207","status":"publish","type":"product","link":"https:\/\/opticaeyeconic.com\/index.php\/product\/lnv-2601-207\/","title":{"rendered":"LNV 2601 207"},"content":{"rendered":"<p>LANVIN siempre se ha mantenido fiel a su filosof\u00eda original, incluso aunque experiment\u00f3 un crecimiento significativo en los \u00faltimos a\u00f1os. Al enfatizar la innovaci\u00f3n, la originalidad, la calidad y el valor, LANVIN ha refinado su visi\u00f3n para ganar reconocimiento mundial. El dise\u00f1o \u00f3ptico contempor\u00e1neo y la artesan\u00eda incomparable definen a LANVIN.<\/p>\n","protected":false},"excerpt":{"rendered":"<p>Armaz\u00f3n Lanvin LNV 2601 207<\/p>\n","protected":false},"featured_media":2367,"comment_status":"closed","ping_status":"closed","template":"","meta":{"_acf_changed":false,"_joinchat":[]},"product_cat":[53,44],"product_tag":[],"acf":[],"_links":{"self":[{"href":"https:\/\/opticaeyeconic.com\/index.php\/wp-json\/wp\/v2\/product\/2345"}],"collection":[{"href":"https:\/\/opticaeyeconic.com\/index.php\/wp-json\/wp\/v2\/product"}],"about":[{"href":"https:\/\/opticaeyeconic.com\/index.php\/wp-json\/wp\/v2\/types\/product"}],"replies":[{"embeddable":true,"href":"https:\/\/opticaeyeconic.com\/index.php\/wp-json\/wp\/v2\/comments?post=2345"}],"wp:featuredmedia":[{"embeddable":true,"href":"https:\/\/opticaeyeconic.com\/index.php\/wp-json\/wp\/v2\/media\/2367"}],"wp:attachment":[{"href":"https:\/\/opticaeyeconic.com\/index.php\/wp-json\/wp\/v2\/media?parent=2345"}],"wp:term":[{"taxonomy":"product_cat","embeddable":true,"href":"https:\/\/opticaeyeconic.com\/index.php\/wp-json\/wp\/v2\/product_cat?post=2345"},{"taxonomy":"product_tag","embeddable":true,"href":"https:\/\/opticaeyeconic.com\/index.php\/wp-json\/wp\/v2\/product_tag?post=2345"}],"curies":[{"name":"wp","href":"https:\/\/api.w.org\/{rel}","templated":true}]}}