{"id":2344,"date":"2024-04-18T14:22:06","date_gmt":"2024-04-18T19:22:06","guid":{"rendered":"https:\/\/opticaeyeconic.com\/index.php\/product\/lnv-2608-400\/"},"modified":"2024-04-19T15:17:56","modified_gmt":"2024-04-19T20:17:56","slug":"lnv-2608-400","status":"publish","type":"product","link":"https:\/\/opticaeyeconic.com\/index.php\/product\/lnv-2608-400\/","title":{"rendered":"LNV 2608 400"},"content":{"rendered":"<p>Esta temporada, los anteojos Lanvin LNV2608 son una opci\u00f3n fashion de la l\u00ednea de anteojos Lanvin . Para una \u00f3ptima visi\u00f3n, ofrecemos anteojos recetados que combinan con tus marcos Shiny Black y est\u00e1n hechos de Pl\u00e1stico<\/p>\n","protected":false},"excerpt":{"rendered":"<p>Armaz\u00f3n Lanvin LNV 2608 400<\/p>\n","protected":false},"featured_media":2571,"comment_status":"closed","ping_status":"closed","template":"","meta":{"_acf_changed":false,"_joinchat":[]},"product_cat":[53,44],"product_tag":[],"acf":[],"_links":{"self":[{"href":"https:\/\/opticaeyeconic.com\/index.php\/wp-json\/wp\/v2\/product\/2344"}],"collection":[{"href":"https:\/\/opticaeyeconic.com\/index.php\/wp-json\/wp\/v2\/product"}],"about":[{"href":"https:\/\/opticaeyeconic.com\/index.php\/wp-json\/wp\/v2\/types\/product"}],"replies":[{"embeddable":true,"href":"https:\/\/opticaeyeconic.com\/index.php\/wp-json\/wp\/v2\/comments?post=2344"}],"wp:featuredmedia":[{"embeddable":true,"href":"https:\/\/opticaeyeconic.com\/index.php\/wp-json\/wp\/v2\/media\/2571"}],"wp:attachment":[{"href":"https:\/\/opticaeyeconic.com\/index.php\/wp-json\/wp\/v2\/media?parent=2344"}],"wp:term":[{"taxonomy":"product_cat","embeddable":true,"href":"https:\/\/opticaeyeconic.com\/index.php\/wp-json\/wp\/v2\/product_cat?post=2344"},{"taxonomy":"product_tag","embeddable":true,"href":"https:\/\/opticaeyeconic.com\/index.php\/wp-json\/wp\/v2\/product_tag?post=2344"}],"curies":[{"name":"wp","href":"https:\/\/api.w.org\/{rel}","templated":true}]}}