{"id":2330,"date":"2024-04-18T14:22:05","date_gmt":"2024-04-18T19:22:05","guid":{"rendered":"https:\/\/opticaeyeconic.com\/index.php\/product\/dr-5013-001\/"},"modified":"2024-04-18T15:34:41","modified_gmt":"2024-04-18T20:34:41","slug":"dr-5013-001","status":"publish","type":"product","link":"https:\/\/opticaeyeconic.com\/index.php\/product\/dr-5013-001\/","title":{"rendered":"DR 5013 001"},"content":{"rendered":"<p>Dragon es reconocida internacionalmente como una marca l\u00edder de gafas de alto rendimiento para quienes buscan productos de dise\u00f1o progresivo, rendimiento de alto nivel y tecnolog\u00eda innovadora<\/p>\n","protected":false},"excerpt":{"rendered":"<p>Armaz\u00f3n DRAGON DR 5013 001<\/p>\n","protected":false},"featured_media":2415,"comment_status":"closed","ping_status":"closed","template":"","meta":{"_acf_changed":false,"_joinchat":[]},"product_cat":[53,59],"product_tag":[],"acf":[],"_links":{"self":[{"href":"https:\/\/opticaeyeconic.com\/index.php\/wp-json\/wp\/v2\/product\/2330"}],"collection":[{"href":"https:\/\/opticaeyeconic.com\/index.php\/wp-json\/wp\/v2\/product"}],"about":[{"href":"https:\/\/opticaeyeconic.com\/index.php\/wp-json\/wp\/v2\/types\/product"}],"replies":[{"embeddable":true,"href":"https:\/\/opticaeyeconic.com\/index.php\/wp-json\/wp\/v2\/comments?post=2330"}],"wp:featuredmedia":[{"embeddable":true,"href":"https:\/\/opticaeyeconic.com\/index.php\/wp-json\/wp\/v2\/media\/2415"}],"wp:attachment":[{"href":"https:\/\/opticaeyeconic.com\/index.php\/wp-json\/wp\/v2\/media?parent=2330"}],"wp:term":[{"taxonomy":"product_cat","embeddable":true,"href":"https:\/\/opticaeyeconic.com\/index.php\/wp-json\/wp\/v2\/product_cat?post=2330"},{"taxonomy":"product_tag","embeddable":true,"href":"https:\/\/opticaeyeconic.com\/index.php\/wp-json\/wp\/v2\/product_tag?post=2330"}],"curies":[{"name":"wp","href":"https:\/\/api.w.org\/{rel}","templated":true}]}}