{"id":2311,"date":"2024-04-18T14:22:04","date_gmt":"2024-04-18T19:22:04","guid":{"rendered":"https:\/\/opticaeyeconic.com\/index.php\/product\/dk-5047-650\/"},"modified":"2024-04-18T15:56:11","modified_gmt":"2024-04-18T20:56:11","slug":"dk-5047-650","status":"publish","type":"product","link":"https:\/\/opticaeyeconic.com\/index.php\/product\/dk-5047-650\/","title":{"rendered":"DK 5047 650"},"content":{"rendered":"<p>Los populares y favoritos anteojos DKNY DK5047 est\u00e1n disponibles en marcos Black Blue que est\u00e1n finamente elaborados de Pl\u00e1stico . Echa un vistazo a nuestras exclusivas ofertas en anteojos de prescripci\u00f3n y ahorra en todos nuestros anteojos de la colecci\u00f3n DKNY<\/p>\n","protected":false},"excerpt":{"rendered":"<p>Armaz\u00f3n DKNY DK 5047 650<\/p>\n","protected":false},"featured_media":2453,"comment_status":"closed","ping_status":"closed","template":"","meta":{"_acf_changed":false,"_joinchat":[]},"product_cat":[53,47],"product_tag":[],"acf":[],"_links":{"self":[{"href":"https:\/\/opticaeyeconic.com\/index.php\/wp-json\/wp\/v2\/product\/2311"}],"collection":[{"href":"https:\/\/opticaeyeconic.com\/index.php\/wp-json\/wp\/v2\/product"}],"about":[{"href":"https:\/\/opticaeyeconic.com\/index.php\/wp-json\/wp\/v2\/types\/product"}],"replies":[{"embeddable":true,"href":"https:\/\/opticaeyeconic.com\/index.php\/wp-json\/wp\/v2\/comments?post=2311"}],"wp:featuredmedia":[{"embeddable":true,"href":"https:\/\/opticaeyeconic.com\/index.php\/wp-json\/wp\/v2\/media\/2453"}],"wp:attachment":[{"href":"https:\/\/opticaeyeconic.com\/index.php\/wp-json\/wp\/v2\/media?parent=2311"}],"wp:term":[{"taxonomy":"product_cat","embeddable":true,"href":"https:\/\/opticaeyeconic.com\/index.php\/wp-json\/wp\/v2\/product_cat?post=2311"},{"taxonomy":"product_tag","embeddable":true,"href":"https:\/\/opticaeyeconic.com\/index.php\/wp-json\/wp\/v2\/product_tag?post=2311"}],"curies":[{"name":"wp","href":"https:\/\/api.w.org\/{rel}","templated":true}]}}