{"id":2310,"date":"2024-04-18T14:22:04","date_gmt":"2024-04-18T19:22:04","guid":{"rendered":"https:\/\/opticaeyeconic.com\/index.php\/product\/dk-1025-400\/"},"modified":"2025-06-11T17:36:48","modified_gmt":"2025-06-11T22:36:48","slug":"dk-1025-400","status":"publish","type":"product","link":"https:\/\/opticaeyeconic.com\/index.php\/product\/dk-1025-400\/","title":{"rendered":"DK 1025 400"},"content":{"rendered":"<p>Los anteojos DKNY DK1025 se ven bien no importa cu\u00e1l sea la ocasi\u00f3n. Hechos de Metal , los anteojos de DKNY son elegantes, sofisticados y con un estilo \u00fanico.<\/p>\n","protected":false},"excerpt":{"rendered":"<p>Armaz\u00f3n DKNY DK 1025 400<\/p>\n","protected":false},"featured_media":3308,"comment_status":"closed","ping_status":"closed","template":"","meta":{"_acf_changed":false,"_joinchat":[]},"product_cat":[53,47],"product_tag":[],"acf":[],"_links":{"self":[{"href":"https:\/\/opticaeyeconic.com\/index.php\/wp-json\/wp\/v2\/product\/2310"}],"collection":[{"href":"https:\/\/opticaeyeconic.com\/index.php\/wp-json\/wp\/v2\/product"}],"about":[{"href":"https:\/\/opticaeyeconic.com\/index.php\/wp-json\/wp\/v2\/types\/product"}],"replies":[{"embeddable":true,"href":"https:\/\/opticaeyeconic.com\/index.php\/wp-json\/wp\/v2\/comments?post=2310"}],"wp:featuredmedia":[{"embeddable":true,"href":"https:\/\/opticaeyeconic.com\/index.php\/wp-json\/wp\/v2\/media\/3308"}],"wp:attachment":[{"href":"https:\/\/opticaeyeconic.com\/index.php\/wp-json\/wp\/v2\/media?parent=2310"}],"wp:term":[{"taxonomy":"product_cat","embeddable":true,"href":"https:\/\/opticaeyeconic.com\/index.php\/wp-json\/wp\/v2\/product_cat?post=2310"},{"taxonomy":"product_tag","embeddable":true,"href":"https:\/\/opticaeyeconic.com\/index.php\/wp-json\/wp\/v2\/product_tag?post=2310"}],"curies":[{"name":"wp","href":"https:\/\/api.w.org\/{rel}","templated":true}]}}