{"id":2309,"date":"2024-04-18T14:22:03","date_gmt":"2024-04-18T19:22:03","guid":{"rendered":"https:\/\/opticaeyeconic.com\/index.php\/product\/dk-5038-310\/"},"modified":"2024-04-18T16:19:39","modified_gmt":"2024-04-18T21:19:39","slug":"dk-5038-310","status":"publish","type":"product","link":"https:\/\/opticaeyeconic.com\/index.php\/product\/dk-5038-310\/","title":{"rendered":"DK 5038 310"},"content":{"rendered":"<p>Los anteojos DKNY DK5038 se ven bien no importa cu\u00e1l sea la ocasi\u00f3n. Hechos de Pl\u00e1stico , los anteojos de DKNY son elegantes, sofisticados y con un estilo \u00fanico.<\/p>\n","protected":false},"excerpt":{"rendered":"<p>Armaz\u00f3n DKNY DK 5038 310<\/p>\n","protected":false},"featured_media":2492,"comment_status":"closed","ping_status":"closed","template":"","meta":{"_acf_changed":false,"_joinchat":[]},"product_cat":[53,47],"product_tag":[],"acf":[],"_links":{"self":[{"href":"https:\/\/opticaeyeconic.com\/index.php\/wp-json\/wp\/v2\/product\/2309"}],"collection":[{"href":"https:\/\/opticaeyeconic.com\/index.php\/wp-json\/wp\/v2\/product"}],"about":[{"href":"https:\/\/opticaeyeconic.com\/index.php\/wp-json\/wp\/v2\/types\/product"}],"replies":[{"embeddable":true,"href":"https:\/\/opticaeyeconic.com\/index.php\/wp-json\/wp\/v2\/comments?post=2309"}],"wp:featuredmedia":[{"embeddable":true,"href":"https:\/\/opticaeyeconic.com\/index.php\/wp-json\/wp\/v2\/media\/2492"}],"wp:attachment":[{"href":"https:\/\/opticaeyeconic.com\/index.php\/wp-json\/wp\/v2\/media?parent=2309"}],"wp:term":[{"taxonomy":"product_cat","embeddable":true,"href":"https:\/\/opticaeyeconic.com\/index.php\/wp-json\/wp\/v2\/product_cat?post=2309"},{"taxonomy":"product_tag","embeddable":true,"href":"https:\/\/opticaeyeconic.com\/index.php\/wp-json\/wp\/v2\/product_tag?post=2309"}],"curies":[{"name":"wp","href":"https:\/\/api.w.org\/{rel}","templated":true}]}}