{"id":2007,"date":"2024-04-16T18:28:15","date_gmt":"2024-04-16T23:28:15","guid":{"rendered":"https:\/\/opticaeyeconic.com\/index.php\/product\/alp-2010-blec\/"},"modified":"2024-04-17T11:49:53","modified_gmt":"2024-04-17T16:49:53","slug":"alp-2010-blec","status":"publish","type":"product","link":"https:\/\/opticaeyeconic.com\/index.php\/product\/alp-2010-blec\/","title":{"rendered":"ALP &#8211; 2010 BLEC"},"content":{"rendered":"<p>Hermosa montura de acetato con inserci\u00f3n met\u00e1lica de alambre de colores y puntas de acetato decorado. Ic\u00f3nico modelo de monturas de la marca de F1 Alpine.<\/p>\n","protected":false},"excerpt":{"rendered":"<p>Armaz\u00f3n ALPINE Alp &#8211; 2010 BLEC<\/p>\n","protected":false},"featured_media":2042,"comment_status":"open","ping_status":"closed","template":"","meta":{"_acf_changed":false,"_joinchat":[]},"product_cat":[50,53],"product_tag":[],"acf":[],"_links":{"self":[{"href":"https:\/\/opticaeyeconic.com\/index.php\/wp-json\/wp\/v2\/product\/2007"}],"collection":[{"href":"https:\/\/opticaeyeconic.com\/index.php\/wp-json\/wp\/v2\/product"}],"about":[{"href":"https:\/\/opticaeyeconic.com\/index.php\/wp-json\/wp\/v2\/types\/product"}],"replies":[{"embeddable":true,"href":"https:\/\/opticaeyeconic.com\/index.php\/wp-json\/wp\/v2\/comments?post=2007"}],"wp:featuredmedia":[{"embeddable":true,"href":"https:\/\/opticaeyeconic.com\/index.php\/wp-json\/wp\/v2\/media\/2042"}],"wp:attachment":[{"href":"https:\/\/opticaeyeconic.com\/index.php\/wp-json\/wp\/v2\/media?parent=2007"}],"wp:term":[{"taxonomy":"product_cat","embeddable":true,"href":"https:\/\/opticaeyeconic.com\/index.php\/wp-json\/wp\/v2\/product_cat?post=2007"},{"taxonomy":"product_tag","embeddable":true,"href":"https:\/\/opticaeyeconic.com\/index.php\/wp-json\/wp\/v2\/product_tag?post=2007"}],"curies":[{"name":"wp","href":"https:\/\/api.w.org\/{rel}","templated":true}]}}