{"id":2004,"date":"2024-04-16T18:28:15","date_gmt":"2024-04-16T23:28:15","guid":{"rendered":"https:\/\/opticaeyeconic.com\/index.php\/product\/alp-2032-blro\/"},"modified":"2024-06-28T10:25:48","modified_gmt":"2024-06-28T15:25:48","slug":"alp-2032-blro","status":"publish","type":"product","link":"https:\/\/opticaeyeconic.com\/index.php\/product\/alp-2032-blro\/","title":{"rendered":"ALP &#8211; 2032 BLRO"},"content":{"rendered":"<p>Armaz\u00f3n inyectado en TR90 de alta flexibilidad y resistencia, varillas con decoraci\u00f3n en carbono y puntas con decoraci\u00f3n en alambre de colores<\/p>\n","protected":false},"excerpt":{"rendered":"<p>Armaz\u00f3n ALPINE ALP &#8211; 2032 BLRO<\/p>\n","protected":false},"featured_media":2027,"comment_status":"open","ping_status":"closed","template":"","meta":{"_acf_changed":false,"_joinchat":[]},"product_cat":[50,53],"product_tag":[],"acf":[],"_links":{"self":[{"href":"https:\/\/opticaeyeconic.com\/index.php\/wp-json\/wp\/v2\/product\/2004"}],"collection":[{"href":"https:\/\/opticaeyeconic.com\/index.php\/wp-json\/wp\/v2\/product"}],"about":[{"href":"https:\/\/opticaeyeconic.com\/index.php\/wp-json\/wp\/v2\/types\/product"}],"replies":[{"embeddable":true,"href":"https:\/\/opticaeyeconic.com\/index.php\/wp-json\/wp\/v2\/comments?post=2004"}],"wp:featuredmedia":[{"embeddable":true,"href":"https:\/\/opticaeyeconic.com\/index.php\/wp-json\/wp\/v2\/media\/2027"}],"wp:attachment":[{"href":"https:\/\/opticaeyeconic.com\/index.php\/wp-json\/wp\/v2\/media?parent=2004"}],"wp:term":[{"taxonomy":"product_cat","embeddable":true,"href":"https:\/\/opticaeyeconic.com\/index.php\/wp-json\/wp\/v2\/product_cat?post=2004"},{"taxonomy":"product_tag","embeddable":true,"href":"https:\/\/opticaeyeconic.com\/index.php\/wp-json\/wp\/v2\/product_tag?post=2004"}],"curies":[{"name":"wp","href":"https:\/\/api.w.org\/{rel}","templated":true}]}}