{"id":1993,"date":"2024-04-16T18:28:15","date_gmt":"2024-04-16T23:28:15","guid":{"rendered":"https:\/\/opticaeyeconic.com\/index.php\/product\/alp-2042-blgr\/"},"modified":"2024-04-17T11:43:53","modified_gmt":"2024-04-17T16:43:53","slug":"alp-2042-blgr","status":"publish","type":"product","link":"https:\/\/opticaeyeconic.com\/index.php\/product\/alp-2042-blgr\/","title":{"rendered":"ALP-2042 BLGR"},"content":{"rendered":"<p>Hermoso armaz\u00f3n met\u00e1lico azul con patas de goma gris. Ideal para el uso diario de la emblem\u00e1tica marca de F1 Alpine.<\/p>\n","protected":false},"excerpt":{"rendered":"<p>Armazon Alpine-2042 BLGR<\/p>\n","protected":false},"featured_media":2031,"comment_status":"open","ping_status":"closed","template":"","meta":{"_acf_changed":false,"_joinchat":[]},"product_cat":[50,53],"product_tag":[],"acf":[],"_links":{"self":[{"href":"https:\/\/opticaeyeconic.com\/index.php\/wp-json\/wp\/v2\/product\/1993"}],"collection":[{"href":"https:\/\/opticaeyeconic.com\/index.php\/wp-json\/wp\/v2\/product"}],"about":[{"href":"https:\/\/opticaeyeconic.com\/index.php\/wp-json\/wp\/v2\/types\/product"}],"replies":[{"embeddable":true,"href":"https:\/\/opticaeyeconic.com\/index.php\/wp-json\/wp\/v2\/comments?post=1993"}],"wp:featuredmedia":[{"embeddable":true,"href":"https:\/\/opticaeyeconic.com\/index.php\/wp-json\/wp\/v2\/media\/2031"}],"wp:attachment":[{"href":"https:\/\/opticaeyeconic.com\/index.php\/wp-json\/wp\/v2\/media?parent=1993"}],"wp:term":[{"taxonomy":"product_cat","embeddable":true,"href":"https:\/\/opticaeyeconic.com\/index.php\/wp-json\/wp\/v2\/product_cat?post=1993"},{"taxonomy":"product_tag","embeddable":true,"href":"https:\/\/opticaeyeconic.com\/index.php\/wp-json\/wp\/v2\/product_tag?post=1993"}],"curies":[{"name":"wp","href":"https:\/\/api.w.org\/{rel}","templated":true}]}}